{"id":5875,"date":"2020-05-12T08:04:41","date_gmt":"2020-05-12T08:04:41","guid":{"rendered":"http:\/\/rstheme.com\/products\/wordpress\/reobiz\/?page_id=5875"},"modified":"2025-08-09T00:03:12","modified_gmt":"2025-08-09T00:03:12","slug":"locutor-apresentador","status":"publish","type":"page","link":"https:\/\/camilolelles.com.br\/site\/sua-cerimonia\/locutor-apresentador\/","title":{"rendered":"Locutor\/Apresentador &#8211; R\u00e1dio, TV, E-learning, Video Treinamento, Comercial, Info"},"content":{"rendered":"\t\t<div data-elementor-type=\"wp-page\" data-elementor-id=\"5875\" class=\"elementor elementor-5875\">\n\t\t\t\t\t\t<section class=\"elementor-section elementor-top-section elementor-element elementor-element-833db0c elementor-section-boxed elementor-section-height-default elementor-section-height-default\" data-id=\"833db0c\" data-element_type=\"section\">\n\t\t\t\t\t\t<div class=\"elementor-container elementor-column-gap-default\">\n\t\t\t\t\t<div class=\"elementor-column elementor-col-50 elementor-top-column elementor-element elementor-element-9b430c2\" data-id=\"9b430c2\" data-element_type=\"column\">\n\t\t\t<div class=\"elementor-widget-wrap elementor-element-populated\">\n\t\t\t\t\t\t<div class=\"elementor-element elementor-element-bb75e5c elementor-widget elementor-widget-image\" data-id=\"bb75e5c\" data-element_type=\"widget\" data-widget_type=\"image.default\">\n\t\t\t\t<div class=\"elementor-widget-container\">\n\t\t\t<style>\/*! elementor - v3.21.0 - 26-05-2024 *\/\n.elementor-widget-image{text-align:center}.elementor-widget-image a{display:inline-block}.elementor-widget-image a img[src$=\".svg\"]{width:48px}.elementor-widget-image img{vertical-align:middle;display:inline-block}<\/style>\t\t\t\t\t\t\t\t\t\t<img fetchpriority=\"high\" decoding=\"async\" width=\"800\" height=\"530\" src=\"https:\/\/camilolelles.com.br\/site\/wp-content\/uploads\/2025\/08\/locutor.jpg\" class=\"attachment-full size-full wp-image-12346\" alt=\"\" srcset=\"https:\/\/camilolelles.com.br\/site\/wp-content\/uploads\/2025\/08\/locutor.jpg 800w, https:\/\/camilolelles.com.br\/site\/wp-content\/uploads\/2025\/08\/locutor-300x199.jpg 300w, https:\/\/camilolelles.com.br\/site\/wp-content\/uploads\/2025\/08\/locutor-768x509.jpg 768w, https:\/\/camilolelles.com.br\/site\/wp-content\/uploads\/2025\/08\/locutor-365x243.jpg 365w, https:\/\/camilolelles.com.br\/site\/wp-content\/uploads\/2025\/08\/locutor-150x99.jpg 150w\" sizes=\"(max-width: 800px) 100vw, 800px\" \/>\t\t\t\t\t\t\t\t\t\t\t\t\t<\/div>\n\t\t\t\t<\/div>\n\t\t\t\t<div class=\"elementor-element elementor-element-354125e elementor-widget elementor-widget-heading\" data-id=\"354125e\" data-element_type=\"widget\" data-widget_type=\"heading.default\">\n\t\t\t\t<div class=\"elementor-widget-container\">\n\t\t\t<style>\/*! elementor - v3.21.0 - 26-05-2024 *\/\n.elementor-heading-title{padding:0;margin:0;line-height:1}.elementor-widget-heading .elementor-heading-title[class*=elementor-size-]>a{color:inherit;font-size:inherit;line-height:inherit}.elementor-widget-heading .elementor-heading-title.elementor-size-small{font-size:15px}.elementor-widget-heading .elementor-heading-title.elementor-size-medium{font-size:19px}.elementor-widget-heading .elementor-heading-title.elementor-size-large{font-size:29px}.elementor-widget-heading .elementor-heading-title.elementor-size-xl{font-size:39px}.elementor-widget-heading .elementor-heading-title.elementor-size-xxl{font-size:59px}<\/style><h2 class=\"elementor-heading-title elementor-size-default\">Locutor \/ Apresentador<\/h2>\t\t<\/div>\n\t\t\t\t<\/div>\n\t\t\t\t<div class=\"elementor-element elementor-element-617581d elementor-widget elementor-widget-text-editor\" data-id=\"617581d\" data-element_type=\"widget\" data-widget_type=\"text-editor.default\">\n\t\t\t\t<div class=\"elementor-widget-container\">\n\t\t\t<style>\/*! elementor - v3.21.0 - 26-05-2024 *\/\n.elementor-widget-text-editor.elementor-drop-cap-view-stacked .elementor-drop-cap{background-color:#69727d;color:#fff}.elementor-widget-text-editor.elementor-drop-cap-view-framed .elementor-drop-cap{color:#69727d;border:3px solid;background-color:transparent}.elementor-widget-text-editor:not(.elementor-drop-cap-view-default) .elementor-drop-cap{margin-top:8px}.elementor-widget-text-editor:not(.elementor-drop-cap-view-default) .elementor-drop-cap-letter{width:1em;height:1em}.elementor-widget-text-editor .elementor-drop-cap{float:left;text-align:center;line-height:1;font-size:50px}.elementor-widget-text-editor .elementor-drop-cap-letter{display:inline-block}<\/style>\t\t\t\t<p style=\"text-align: justify;\">Minha hist\u00f3ria em locu\u00e7\u00e3o vem desde 1998, quando me formei pelo SENAC. De l\u00e1 pra c\u00e1, j\u00e1 passei por emissora de r\u00e1dio, j\u00e1 gravei comerciais para grandes empresas, j\u00e1 emprestei minha voz para personagens e tamb\u00e9m j\u00e1 gravei para videos de treinamento e institucionais.<\/p>\t\t\t\t\t\t<\/div>\n\t\t\t\t<\/div>\n\t\t\t\t<section class=\"elementor-section elementor-inner-section elementor-element elementor-element-8971edf elementor-section-boxed elementor-section-height-default elementor-section-height-default\" data-id=\"8971edf\" data-element_type=\"section\">\n\t\t\t\t\t\t<div class=\"elementor-container elementor-column-gap-default\">\n\t\t\t\t\t<div class=\"elementor-column elementor-col-50 elementor-inner-column elementor-element elementor-element-65917f0\" data-id=\"65917f0\" data-element_type=\"column\">\n\t\t\t<div class=\"elementor-widget-wrap elementor-element-populated\">\n\t\t\t\t\t\t<div class=\"elementor-element elementor-element-7b24635 elementor-widget elementor-widget-text-editor\" data-id=\"7b24635\" data-element_type=\"widget\" data-widget_type=\"text-editor.default\">\n\t\t\t\t<div class=\"elementor-widget-container\">\n\t\t\t\t\t\t\t<p><div class=\"track\"><span class=\"songtitle\">Embraer<\/span><span class=\"songwriter\">(Off para video treinamento)<\/span><span class=\"audiobutton\"><\/span><div class=\"albumtrack\" style=\"visibility:hidden;\"><audio class=\"wp-audio-shortcode\" id=\"audio-5875-1\" preload=\"metadata\" style=\"width: 100%;\" controls=\"controls\"><source type=\"audio\/mpeg\" src=\"https:\/\/camilolelles.com.br\/site\/wp-content\/uploads\/2024\/09\/Camilo-Lelles-Institucional_embraer.mp3?_=1\" \/><a href=\"https:\/\/camilolelles.com.br\/site\/wp-content\/uploads\/2024\/09\/Camilo-Lelles-Institucional_embraer.mp3\">https:\/\/camilolelles.com.br\/site\/wp-content\/uploads\/2024\/09\/Camilo-Lelles-Institucional_embraer.mp3<\/a><\/audio><\/div><\/div><\/p><p><div class=\"track\"><span class=\"songtitle\">Magazine Luiza<\/span><span class=\"songwriter\">(Assinatura de Jingle)<\/span><span class=\"audiobutton\"><\/span><div class=\"albumtrack\" style=\"visibility:hidden;\"><audio class=\"wp-audio-shortcode\" id=\"audio-5875-2\" preload=\"metadata\" style=\"width: 100%;\" controls=\"controls\"><source type=\"audio\/mpeg\" src=\"https:\/\/camilolelles.com.br\/site\/wp-content\/uploads\/2024\/09\/JINGLE_MAGAZINELUIZA_E_LG_.mp3?_=2\" \/><a href=\"https:\/\/camilolelles.com.br\/site\/wp-content\/uploads\/2024\/09\/JINGLE_MAGAZINELUIZA_E_LG_.mp3\">https:\/\/camilolelles.com.br\/site\/wp-content\/uploads\/2024\/09\/JINGLE_MAGAZINELUIZA_E_LG_.mp3<\/a><\/audio><\/div><\/div><\/p><p><div class=\"track\"><span class=\"songtitle\">Barakah<\/span><span class=\"songwriter\">(Spot veicula\u00e7\u00e3o SP)<\/span><span class=\"audiobutton\"><\/span><div class=\"albumtrack\" style=\"visibility:hidden;\"><audio class=\"wp-audio-shortcode\" id=\"audio-5875-3\" preload=\"metadata\" style=\"width: 100%;\" controls=\"controls\"><source type=\"audio\/mpeg\" src=\"https:\/\/camilolelles.com.br\/site\/wp-content\/uploads\/2024\/09\/spot_barakah_v5.mp3?_=3\" \/><a href=\"https:\/\/camilolelles.com.br\/site\/wp-content\/uploads\/2024\/09\/spot_barakah_v5.mp3\">https:\/\/camilolelles.com.br\/site\/wp-content\/uploads\/2024\/09\/spot_barakah_v5.mp3<\/a><\/audio><\/div><\/div><\/p><p><div class=\"track\"><span class=\"songtitle\">Faculdade Marista<\/span><span class=\"songwriter\">(Spot veicula\u00e7\u00e3o DF)<\/span><span class=\"audiobutton\"><\/span><div class=\"albumtrack\" style=\"visibility:hidden;\"><audio class=\"wp-audio-shortcode\" id=\"audio-5875-4\" preload=\"metadata\" style=\"width: 100%;\" controls=\"controls\"><source type=\"audio\/mpeg\" src=\"https:\/\/camilolelles.com.br\/site\/wp-content\/uploads\/2024\/09\/SPOT-MARISTA-EMPREGABILIDADE-V5.mp3?_=4\" \/><a href=\"https:\/\/camilolelles.com.br\/site\/wp-content\/uploads\/2024\/09\/SPOT-MARISTA-EMPREGABILIDADE-V5.mp3\">https:\/\/camilolelles.com.br\/site\/wp-content\/uploads\/2024\/09\/SPOT-MARISTA-EMPREGABILIDADE-V5.mp3<\/a><\/audio><\/div><\/div><\/p>\t\t\t\t\t\t<\/div>\n\t\t\t\t<\/div>\n\t\t\t\t\t<\/div>\n\t\t<\/div>\n\t\t\t\t<div class=\"elementor-column elementor-col-50 elementor-inner-column elementor-element elementor-element-d0b6db5\" data-id=\"d0b6db5\" data-element_type=\"column\">\n\t\t\t<div class=\"elementor-widget-wrap elementor-element-populated\">\n\t\t\t\t\t\t<div class=\"elementor-element elementor-element-7b944a9 elementor-widget elementor-widget-text-editor\" data-id=\"7b944a9\" data-element_type=\"widget\" data-widget_type=\"text-editor.default\">\n\t\t\t\t<div class=\"elementor-widget-container\">\n\t\t\t\t\t\t\t<p><div class=\"track\"><span class=\"songtitle\">Campanha Pol\u00edtica<\/span><span class=\"songwriter\">(Locutor para programa do candidato Eli Correa Filho \u00e0 Prefeitura)<\/span><span class=\"audiobutton\"><\/span><div class=\"albumtrack\" style=\"visibility:hidden;\"><audio class=\"wp-audio-shortcode\" id=\"audio-5875-5\" preload=\"metadata\" style=\"width: 100%;\" controls=\"controls\"><source type=\"audio\/mpeg\" src=\"https:\/\/camilolelles.com.br\/site\/wp-content\/uploads\/2024\/09\/programa_eli.mp3?_=5\" \/><a href=\"https:\/\/camilolelles.com.br\/site\/wp-content\/uploads\/2024\/09\/programa_eli.mp3\">https:\/\/camilolelles.com.br\/site\/wp-content\/uploads\/2024\/09\/programa_eli.mp3<\/a><\/audio><\/div><\/div><\/p><p><div class=\"track\"><span class=\"songtitle\">Protection System<\/span><span class=\"songwriter\">(Spot Veicula\u00e7\u00e3o SP)<\/span><span class=\"audiobutton\"><\/span><div class=\"albumtrack\" style=\"visibility:hidden;\"><audio class=\"wp-audio-shortcode\" id=\"audio-5875-6\" preload=\"metadata\" style=\"width: 100%;\" controls=\"controls\"><source type=\"audio\/mpeg\" src=\"https:\/\/camilolelles.com.br\/site\/wp-content\/uploads\/2024\/09\/Protection-System.mp3?_=6\" \/><a href=\"https:\/\/camilolelles.com.br\/site\/wp-content\/uploads\/2024\/09\/Protection-System.mp3\">https:\/\/camilolelles.com.br\/site\/wp-content\/uploads\/2024\/09\/Protection-System.mp3<\/a><\/audio><\/div><\/div><\/p><p><div class=\"track\"><span class=\"songtitle\">Toyota<\/span><span class=\"songwriter\">(Spot Feir\u00e3o DF)<\/span><span class=\"audiobutton\"><\/span><div class=\"albumtrack\" style=\"visibility:hidden;\"><audio class=\"wp-audio-shortcode\" id=\"audio-5875-7\" preload=\"metadata\" style=\"width: 100%;\" controls=\"controls\"><source type=\"audio\/mpeg\" src=\"https:\/\/camilolelles.com.br\/site\/wp-content\/uploads\/2024\/09\/MIX-SPOT-TOYOTA-MAIO-V2.mp3?_=7\" \/><a href=\"https:\/\/camilolelles.com.br\/site\/wp-content\/uploads\/2024\/09\/MIX-SPOT-TOYOTA-MAIO-V2.mp3\">https:\/\/camilolelles.com.br\/site\/wp-content\/uploads\/2024\/09\/MIX-SPOT-TOYOTA-MAIO-V2.mp3<\/a><\/audio><\/div><\/div><\/p><p><div class=\"track\"><span class=\"songtitle\">TSE<\/span><span class=\"songwriter\">(Personagem)<\/span><span class=\"audiobutton\"><\/span><div class=\"albumtrack\" style=\"visibility:hidden;\"><audio class=\"wp-audio-shortcode\" id=\"audio-5875-8\" preload=\"metadata\" style=\"width: 100%;\" controls=\"controls\"><source type=\"audio\/mpeg\" src=\"https:\/\/camilolelles.com.br\/site\/wp-content\/uploads\/2024\/09\/SPOT-COLA-TSE.mp3?_=8\" \/><a href=\"https:\/\/camilolelles.com.br\/site\/wp-content\/uploads\/2024\/09\/SPOT-COLA-TSE.mp3\">https:\/\/camilolelles.com.br\/site\/wp-content\/uploads\/2024\/09\/SPOT-COLA-TSE.mp3<\/a><\/audio><\/div><\/div><\/p>\t\t\t\t\t\t<\/div>\n\t\t\t\t<\/div>\n\t\t\t\t\t<\/div>\n\t\t<\/div>\n\t\t\t\t\t<\/div>\n\t\t<\/section>\n\t\t\t\t<section class=\"elementor-section elementor-inner-section elementor-element elementor-element-e606b52 elementor-section-boxed elementor-section-height-default elementor-section-height-default\" data-id=\"e606b52\" data-element_type=\"section\">\n\t\t\t\t\t\t<div class=\"elementor-container elementor-column-gap-default\">\n\t\t\t\t\t<div class=\"elementor-column elementor-col-50 elementor-inner-column elementor-element elementor-element-07f1498\" data-id=\"07f1498\" data-element_type=\"column\">\n\t\t\t<div class=\"elementor-widget-wrap elementor-element-populated\">\n\t\t\t\t\t\t<div class=\"elementor-element elementor-element-6ebf3ba elementor-widget elementor-widget-video\" data-id=\"6ebf3ba\" data-element_type=\"widget\" data-settings=\"{&quot;youtube_url&quot;:&quot;https:\\\/\\\/www.youtube.com\\\/embed\\\/fILEVWpoLio&quot;,&quot;video_type&quot;:&quot;youtube&quot;,&quot;controls&quot;:&quot;yes&quot;}\" data-widget_type=\"video.default\">\n\t\t\t\t<div class=\"elementor-widget-container\">\n\t\t\t<style>\/*! elementor - v3.21.0 - 26-05-2024 *\/\n.elementor-widget-video .elementor-widget-container{overflow:hidden;transform:translateZ(0)}.elementor-widget-video .elementor-wrapper{aspect-ratio:var(--video-aspect-ratio)}.elementor-widget-video .elementor-wrapper iframe,.elementor-widget-video .elementor-wrapper video{height:100%;width:100%;display:flex;border:none;background-color:#000}@supports not (aspect-ratio:1\/1){.elementor-widget-video .elementor-wrapper{position:relative;overflow:hidden;height:0;padding-bottom:calc(100% \/ var(--video-aspect-ratio))}.elementor-widget-video .elementor-wrapper iframe,.elementor-widget-video .elementor-wrapper video{position:absolute;top:0;right:0;bottom:0;left:0}}.elementor-widget-video .elementor-open-inline .elementor-custom-embed-image-overlay{position:absolute;top:0;right:0;bottom:0;left:0;background-size:cover;background-position:50%}.elementor-widget-video .elementor-custom-embed-image-overlay{cursor:pointer;text-align:center}.elementor-widget-video .elementor-custom-embed-image-overlay:hover .elementor-custom-embed-play i{opacity:1}.elementor-widget-video .elementor-custom-embed-image-overlay img{display:block;width:100%;aspect-ratio:var(--video-aspect-ratio);-o-object-fit:cover;object-fit:cover;-o-object-position:center center;object-position:center center}@supports not (aspect-ratio:1\/1){.elementor-widget-video .elementor-custom-embed-image-overlay{position:relative;overflow:hidden;height:0;padding-bottom:calc(100% \/ var(--video-aspect-ratio))}.elementor-widget-video .elementor-custom-embed-image-overlay img{position:absolute;top:0;right:0;bottom:0;left:0}}.elementor-widget-video .e-hosted-video .elementor-video{-o-object-fit:cover;object-fit:cover}.e-con-inner>.elementor-widget-video,.e-con>.elementor-widget-video{width:var(--container-widget-width);--flex-grow:var(--container-widget-flex-grow)}<\/style>\t\t<div class=\"elementor-wrapper elementor-open-inline\">\n\t\t\t<div class=\"elementor-video\"><\/div>\t\t<\/div>\n\t\t\t\t<\/div>\n\t\t\t\t<\/div>\n\t\t\t\t\t<\/div>\n\t\t<\/div>\n\t\t\t\t<div class=\"elementor-column elementor-col-50 elementor-inner-column elementor-element elementor-element-bd242eb\" data-id=\"bd242eb\" data-element_type=\"column\">\n\t\t\t<div class=\"elementor-widget-wrap elementor-element-populated\">\n\t\t\t\t\t\t<div class=\"elementor-element elementor-element-7b7a895 elementor-widget elementor-widget-video\" data-id=\"7b7a895\" data-element_type=\"widget\" data-settings=\"{&quot;youtube_url&quot;:&quot;https:\\\/\\\/www.youtube.com\\\/embed\\\/hAVcFl3Vi40&quot;,&quot;video_type&quot;:&quot;youtube&quot;,&quot;controls&quot;:&quot;yes&quot;}\" data-widget_type=\"video.default\">\n\t\t\t\t<div class=\"elementor-widget-container\">\n\t\t\t\t\t<div class=\"elementor-wrapper elementor-open-inline\">\n\t\t\t<div class=\"elementor-video\"><\/div>\t\t<\/div>\n\t\t\t\t<\/div>\n\t\t\t\t<\/div>\n\t\t\t\t\t<\/div>\n\t\t<\/div>\n\t\t\t\t\t<\/div>\n\t\t<\/section>\n\t\t\t\t<section class=\"elementor-section elementor-inner-section elementor-element elementor-element-597a821 elementor-section-boxed elementor-section-height-default elementor-section-height-default\" data-id=\"597a821\" data-element_type=\"section\">\n\t\t\t\t\t\t<div class=\"elementor-container elementor-column-gap-default\">\n\t\t\t\t\t<div class=\"elementor-column elementor-col-50 elementor-inner-column elementor-element elementor-element-dd99a07\" data-id=\"dd99a07\" data-element_type=\"column\">\n\t\t\t<div class=\"elementor-widget-wrap elementor-element-populated\">\n\t\t\t\t\t\t<div class=\"elementor-element elementor-element-9f330dc elementor-widget elementor-widget-video\" data-id=\"9f330dc\" data-element_type=\"widget\" data-settings=\"{&quot;youtube_url&quot;:&quot;https:\\\/\\\/www.youtube.com\\\/embed\\\/SueWH80MoEw&quot;,&quot;video_type&quot;:&quot;youtube&quot;,&quot;controls&quot;:&quot;yes&quot;}\" data-widget_type=\"video.default\">\n\t\t\t\t<div class=\"elementor-widget-container\">\n\t\t\t\t\t<div class=\"elementor-wrapper elementor-open-inline\">\n\t\t\t<div class=\"elementor-video\"><\/div>\t\t<\/div>\n\t\t\t\t<\/div>\n\t\t\t\t<\/div>\n\t\t\t\t\t<\/div>\n\t\t<\/div>\n\t\t\t\t<div class=\"elementor-column elementor-col-50 elementor-inner-column elementor-element elementor-element-8fd1b01\" data-id=\"8fd1b01\" data-element_type=\"column\">\n\t\t\t<div class=\"elementor-widget-wrap elementor-element-populated\">\n\t\t\t\t\t\t<div class=\"elementor-element elementor-element-ceaa17a elementor-widget elementor-widget-video\" data-id=\"ceaa17a\" data-element_type=\"widget\" data-settings=\"{&quot;youtube_url&quot;:&quot;https:\\\/\\\/www.youtube.com\\\/embed\\\/pWTw4m8JRaQ&quot;,&quot;video_type&quot;:&quot;youtube&quot;,&quot;controls&quot;:&quot;yes&quot;}\" data-widget_type=\"video.default\">\n\t\t\t\t<div class=\"elementor-widget-container\">\n\t\t\t\t\t<div class=\"elementor-wrapper elementor-open-inline\">\n\t\t\t<div class=\"elementor-video\"><\/div>\t\t<\/div>\n\t\t\t\t<\/div>\n\t\t\t\t<\/div>\n\t\t\t\t\t<\/div>\n\t\t<\/div>\n\t\t\t\t\t<\/div>\n\t\t<\/section>\n\t\t\t\t<section class=\"elementor-section elementor-inner-section elementor-element elementor-element-bfc6c5d elementor-section-boxed elementor-section-height-default elementor-section-height-default\" data-id=\"bfc6c5d\" data-element_type=\"section\">\n\t\t\t\t\t\t<div class=\"elementor-container elementor-column-gap-default\">\n\t\t\t\t\t<div class=\"elementor-column elementor-col-50 elementor-inner-column elementor-element elementor-element-fc1ba39\" data-id=\"fc1ba39\" data-element_type=\"column\">\n\t\t\t<div class=\"elementor-widget-wrap elementor-element-populated\">\n\t\t\t\t\t\t<div class=\"elementor-element elementor-element-fd01135 elementor-widget elementor-widget-video\" data-id=\"fd01135\" data-element_type=\"widget\" data-settings=\"{&quot;youtube_url&quot;:&quot;https:\\\/\\\/www.youtube.com\\\/embed\\\/Z8n-nlARAgE&quot;,&quot;video_type&quot;:&quot;youtube&quot;,&quot;controls&quot;:&quot;yes&quot;}\" data-widget_type=\"video.default\">\n\t\t\t\t<div class=\"elementor-widget-container\">\n\t\t\t\t\t<div class=\"elementor-wrapper elementor-open-inline\">\n\t\t\t<div class=\"elementor-video\"><\/div>\t\t<\/div>\n\t\t\t\t<\/div>\n\t\t\t\t<\/div>\n\t\t\t\t\t<\/div>\n\t\t<\/div>\n\t\t\t\t<div class=\"elementor-column elementor-col-50 elementor-inner-column elementor-element elementor-element-85cf658\" data-id=\"85cf658\" data-element_type=\"column\">\n\t\t\t<div class=\"elementor-widget-wrap elementor-element-populated\">\n\t\t\t\t\t\t<div class=\"elementor-element elementor-element-58302ad elementor-widget elementor-widget-video\" data-id=\"58302ad\" data-element_type=\"widget\" data-settings=\"{&quot;youtube_url&quot;:&quot;https:\\\/\\\/www.youtube.com\\\/embed\\\/AbGMt4ihIIU&quot;,&quot;video_type&quot;:&quot;youtube&quot;,&quot;controls&quot;:&quot;yes&quot;}\" data-widget_type=\"video.default\">\n\t\t\t\t<div class=\"elementor-widget-container\">\n\t\t\t\t\t<div class=\"elementor-wrapper elementor-open-inline\">\n\t\t\t<div class=\"elementor-video\"><\/div>\t\t<\/div>\n\t\t\t\t<\/div>\n\t\t\t\t<\/div>\n\t\t\t\t\t<\/div>\n\t\t<\/div>\n\t\t\t\t\t<\/div>\n\t\t<\/section>\n\t\t\t\t\t<\/div>\n\t\t<\/div>\n\t\t\t\t<div class=\"elementor-column elementor-col-50 elementor-top-column elementor-element elementor-element-0bcb265 bs-sidebar dynamic-sidebar\" data-id=\"0bcb265\" data-element_type=\"column\">\n\t\t\t<div class=\"elementor-widget-wrap elementor-element-populated\">\n\t\t\t\t\t\t<div class=\"elementor-element elementor-element-161b8d3 elementor-widget elementor-widget-sidebar\" data-id=\"161b8d3\" data-element_type=\"widget\" data-widget_type=\"sidebar.default\">\n\t\t\t\t<div class=\"elementor-widget-container\">\n\t\t\t<div id=\"nav_menu-1\" class=\"service-singles widget widget_nav_menu\"><div class=\"menu-services-container\"><ul id=\"menu-services\" class=\"menu\"><li id=\"menu-item-5895\" class=\"menu-item menu-item-type-post_type menu-item-object-page menu-item-5895\"><a href=\"https:\/\/camilolelles.com.br\/site\/sua-cerimonia\/celebrante-social-casamento\/\">Celebrante Social \u2013 Casamento<\/a><\/li>\n<li id=\"menu-item-5894\" class=\"menu-item menu-item-type-post_type menu-item-object-page menu-item-5894\"><a href=\"https:\/\/camilolelles.com.br\/site\/sua-cerimonia\/mestre-de-cerimonia-15-anos-debutante\/\">Sua festa de 15 anos memor\u00e1vel<\/a><\/li>\n<li id=\"menu-item-12256\" class=\"menu-item menu-item-type-post_type menu-item-object-page menu-item-12256\"><a href=\"https:\/\/camilolelles.com.br\/site\/sua-cerimonia\/sua-formatura\/\">Sua Formatura<\/a><\/li>\n<li id=\"menu-item-5892\" class=\"menu-item menu-item-type-post_type menu-item-object-page menu-item-5892\"><a href=\"https:\/\/camilolelles.com.br\/site\/sua-cerimonia\/mestre-de-cerimonia-formatura\/\">Mestre de Cerim\u00f4nias para Formatura corporativos<\/a><\/li>\n<li id=\"menu-item-5890\" class=\"menu-item menu-item-type-post_type menu-item-object-page menu-item-5890\"><a href=\"https:\/\/camilolelles.com.br\/site\/sua-cerimonia\/locutor-apresentador\/\">Locutor\/Apresentador<\/a><\/li>\n<li id=\"menu-item-12077\" class=\"menu-item menu-item-type-post_type menu-item-object-page menu-item-12077\"><a href=\"https:\/\/camilolelles.com.br\/site\/contato-camilo-lelles-eventos\/\">Contato<\/a><\/li>\n<\/ul><\/div><\/div>\t\t<\/div>\n\t\t\t\t<\/div>\n\t\t\t\t<section class=\"elementor-section elementor-inner-section elementor-element elementor-element-ae290f3 elementor-section-boxed elementor-section-height-default elementor-section-height-default\" data-id=\"ae290f3\" data-element_type=\"section\">\n\t\t\t\t\t\t<div class=\"elementor-container elementor-column-gap-default\">\n\t\t\t\t\t<div class=\"elementor-column elementor-col-100 elementor-inner-column elementor-element elementor-element-1ea929f\" data-id=\"1ea929f\" data-element_type=\"column\" data-settings=\"{&quot;background_background&quot;:&quot;classic&quot;}\">\n\t\t\t<div class=\"elementor-widget-wrap elementor-element-populated\">\n\t\t\t\t\t\t<div class=\"elementor-element elementor-element-de219eb phones elementor-widget elementor-widget-rs-contact-box\" data-id=\"de219eb\" data-element_type=\"widget\" data-widget_type=\"rs-contact-box.default\">\n\t\t\t\t<div class=\"elementor-widget-container\">\n\t\t\t\t\t\r\n\r\n\t\t<!-- Style 1 Start -->\r\n\t\t<div class=\"rs-contact-box\">\r\n\r\n\t\t\t\t\t\t<div class=\"address-item vertical boxstyle1\">\r\n\r\n\t\t\t\t\t\t\t            <div class=\"address-icon\">\r\n\t\t            \t\t\t            \t\t<i class=\"fa fa-phone\"><\/i>\r\n\t\t            \t\t\t            <\/div>\r\n\t\t            \r\n\t\t            <div class=\"address-text\">\r\n\t\t            \t\r\n\r\n\t\t            \t\r\n\r\n\t\t            \t\t\t            <\/div>\r\n\t\t        <\/div>\r\n\t\t\t\t\t<\/div>\r\n\r\n\t<!-- Style 1 End -->\t\r\n\t\t\r\n\t\t\t<\/div>\n\t\t\t\t<\/div>\n\t\t\t\t<div class=\"elementor-element elementor-element-11fe31a elementor-widget elementor-widget-heading\" data-id=\"11fe31a\" data-element_type=\"widget\" data-widget_type=\"heading.default\">\n\t\t\t\t<div class=\"elementor-widget-container\">\n\t\t\t<h2 class=\"elementor-heading-title elementor-size-default\">Tem alguma d\u00favida?\nFale agora mesmo!<\/h2>\t\t<\/div>\n\t\t\t\t<\/div>\n\t\t\t\t<div class=\"elementor-element elementor-element-01bcd99 elementor-widget elementor-widget-heading\" data-id=\"01bcd99\" data-element_type=\"widget\" data-widget_type=\"heading.default\">\n\t\t\t\t<div class=\"elementor-widget-container\">\n\t\t\t<h2 class=\"elementor-heading-title elementor-size-default\">(11)99214-9180\n(11)99214-6906<\/h2>\t\t<\/div>\n\t\t\t\t<\/div>\n\t\t\t\t\t<\/div>\n\t\t<\/div>\n\t\t\t\t\t<\/div>\n\t\t<\/section>\n\t\t\t\t\t<\/div>\n\t\t<\/div>\n\t\t\t\t\t<\/div>\n\t\t<\/section>\n\t\t\t\t<\/div>\n\t\t","protected":false},"excerpt":{"rendered":"<p>Locutor \/ Apresentador Minha hist\u00f3ria em locu\u00e7\u00e3o vem desde 1998, quando me formei pelo SENAC. De l\u00e1 pra c\u00e1, j\u00e1 passei por emissora de r\u00e1dio, j\u00e1 gravei comerciais para grandes empresas, j\u00e1 emprestei minha voz para personagens e tamb\u00e9m j\u00e1 gravei para videos de treinamento e institucionais. https:\/\/www.youtube.com\/embed\/fILEVWpoLiohttps:\/\/www.youtube.com\/embed\/hAVcFl3Vi40https:\/\/www.youtube.com\/embed\/SueWH80MoEwhttps:\/\/www.youtube.com\/embed\/pWTw4m8JRaQhttps:\/\/www.youtube.com\/embed\/Z8n-nlARAgEhttps:\/\/www.youtube.com\/embed\/AbGMt4ihIIU Tem alguma d\u00favida? Fale agora mesmo! (11)99214-9180&#8230;<\/p>\n","protected":false},"author":1,"featured_media":0,"parent":2152,"menu_order":0,"comment_status":"closed","ping_status":"closed","template":"","meta":{"_joinchat":[],"footnotes":""},"class_list":["post-5875","page","type-page","status-publish","hentry"],"aioseo_notices":[],"_links":{"self":[{"href":"https:\/\/camilolelles.com.br\/site\/wp-json\/wp\/v2\/pages\/5875","targetHints":{"allow":["GET"]}}],"collection":[{"href":"https:\/\/camilolelles.com.br\/site\/wp-json\/wp\/v2\/pages"}],"about":[{"href":"https:\/\/camilolelles.com.br\/site\/wp-json\/wp\/v2\/types\/page"}],"author":[{"embeddable":true,"href":"https:\/\/camilolelles.com.br\/site\/wp-json\/wp\/v2\/users\/1"}],"replies":[{"embeddable":true,"href":"https:\/\/camilolelles.com.br\/site\/wp-json\/wp\/v2\/comments?post=5875"}],"version-history":[{"count":24,"href":"https:\/\/camilolelles.com.br\/site\/wp-json\/wp\/v2\/pages\/5875\/revisions"}],"predecessor-version":[{"id":12362,"href":"https:\/\/camilolelles.com.br\/site\/wp-json\/wp\/v2\/pages\/5875\/revisions\/12362"}],"up":[{"embeddable":true,"href":"https:\/\/camilolelles.com.br\/site\/wp-json\/wp\/v2\/pages\/2152"}],"wp:attachment":[{"href":"https:\/\/camilolelles.com.br\/site\/wp-json\/wp\/v2\/media?parent=5875"}],"curies":[{"name":"wp","href":"https:\/\/api.w.org\/{rel}","templated":true}]}}