{"id":5879,"date":"2020-05-12T08:06:47","date_gmt":"2020-05-12T08:06:47","guid":{"rendered":"http:\/\/rstheme.com\/products\/wordpress\/reobiz\/?page_id=5879"},"modified":"2025-08-09T00:03:22","modified_gmt":"2025-08-09T00:03:22","slug":"mestre-de-cerimonia-formatura","status":"publish","type":"page","link":"https:\/\/camilolelles.com.br\/site\/sua-cerimonia\/mestre-de-cerimonia-formatura\/","title":{"rendered":"Mestre de Cerim\u00f4nias para Formatura ou eventos corporativos"},"content":{"rendered":"\t\t<div data-elementor-type=\"wp-page\" data-elementor-id=\"5879\" class=\"elementor elementor-5879\">\n\t\t\t\t\t\t<section class=\"elementor-section elementor-top-section elementor-element elementor-element-6ea0b33 elementor-section-boxed elementor-section-height-default elementor-section-height-default\" data-id=\"6ea0b33\" data-element_type=\"section\">\n\t\t\t\t\t\t<div class=\"elementor-container elementor-column-gap-default\">\n\t\t\t\t\t<div class=\"elementor-column elementor-col-50 elementor-top-column elementor-element elementor-element-acd2817\" data-id=\"acd2817\" data-element_type=\"column\">\n\t\t\t<div class=\"elementor-widget-wrap elementor-element-populated\">\n\t\t\t\t\t\t<div class=\"elementor-element elementor-element-d7146d6 elementor-widget elementor-widget-image\" data-id=\"d7146d6\" data-element_type=\"widget\" data-widget_type=\"image.default\">\n\t\t\t\t<div class=\"elementor-widget-container\">\n\t\t\t<style>\/*! elementor - v3.21.0 - 26-05-2024 *\/\n.elementor-widget-image{text-align:center}.elementor-widget-image a{display:inline-block}.elementor-widget-image a img[src$=\".svg\"]{width:48px}.elementor-widget-image img{vertical-align:middle;display:inline-block}<\/style>\t\t\t\t\t\t\t\t\t\t<img fetchpriority=\"high\" decoding=\"async\" width=\"600\" height=\"400\" src=\"https:\/\/camilolelles.com.br\/site\/wp-content\/uploads\/2021\/02\/camilo-lelles-celebrante-mestre-de-cerimonia-apresentador-01.jpeg\" class=\"attachment-full size-full wp-image-11871\" alt=\"\" srcset=\"https:\/\/camilolelles.com.br\/site\/wp-content\/uploads\/2021\/02\/camilo-lelles-celebrante-mestre-de-cerimonia-apresentador-01.jpeg 600w, https:\/\/camilolelles.com.br\/site\/wp-content\/uploads\/2021\/02\/camilo-lelles-celebrante-mestre-de-cerimonia-apresentador-01-300x200.jpeg 300w, https:\/\/camilolelles.com.br\/site\/wp-content\/uploads\/2021\/02\/camilo-lelles-celebrante-mestre-de-cerimonia-apresentador-01-365x243.jpeg 365w, https:\/\/camilolelles.com.br\/site\/wp-content\/uploads\/2021\/02\/camilo-lelles-celebrante-mestre-de-cerimonia-apresentador-01-24x16.jpeg 24w, https:\/\/camilolelles.com.br\/site\/wp-content\/uploads\/2021\/02\/camilo-lelles-celebrante-mestre-de-cerimonia-apresentador-01-36x24.jpeg 36w, https:\/\/camilolelles.com.br\/site\/wp-content\/uploads\/2021\/02\/camilo-lelles-celebrante-mestre-de-cerimonia-apresentador-01-48x32.jpeg 48w\" sizes=\"(max-width: 600px) 100vw, 600px\" \/>\t\t\t\t\t\t\t\t\t\t\t\t\t<\/div>\n\t\t\t\t<\/div>\n\t\t\t\t<div class=\"elementor-element elementor-element-6f9a8ca elementor-widget elementor-widget-heading\" data-id=\"6f9a8ca\" data-element_type=\"widget\" data-widget_type=\"heading.default\">\n\t\t\t\t<div class=\"elementor-widget-container\">\n\t\t\t<style>\/*! elementor - v3.21.0 - 26-05-2024 *\/\n.elementor-heading-title{padding:0;margin:0;line-height:1}.elementor-widget-heading .elementor-heading-title[class*=elementor-size-]>a{color:inherit;font-size:inherit;line-height:inherit}.elementor-widget-heading .elementor-heading-title.elementor-size-small{font-size:15px}.elementor-widget-heading .elementor-heading-title.elementor-size-medium{font-size:19px}.elementor-widget-heading .elementor-heading-title.elementor-size-large{font-size:29px}.elementor-widget-heading .elementor-heading-title.elementor-size-xl{font-size:39px}.elementor-widget-heading .elementor-heading-title.elementor-size-xxl{font-size:59px}<\/style><h2 class=\"elementor-heading-title elementor-size-default\">Mestre de cerim\u00f4nias<\/h2>\t\t<\/div>\n\t\t\t\t<\/div>\n\t\t\t\t<div class=\"elementor-element elementor-element-e0750eb elementor-widget elementor-widget-text-editor\" data-id=\"e0750eb\" data-element_type=\"widget\" data-widget_type=\"text-editor.default\">\n\t\t\t\t<div class=\"elementor-widget-container\">\n\t\t\t<style>\/*! elementor - v3.21.0 - 26-05-2024 *\/\n.elementor-widget-text-editor.elementor-drop-cap-view-stacked .elementor-drop-cap{background-color:#69727d;color:#fff}.elementor-widget-text-editor.elementor-drop-cap-view-framed .elementor-drop-cap{color:#69727d;border:3px solid;background-color:transparent}.elementor-widget-text-editor:not(.elementor-drop-cap-view-default) .elementor-drop-cap{margin-top:8px}.elementor-widget-text-editor:not(.elementor-drop-cap-view-default) .elementor-drop-cap-letter{width:1em;height:1em}.elementor-widget-text-editor .elementor-drop-cap{float:left;text-align:center;line-height:1;font-size:50px}.elementor-widget-text-editor .elementor-drop-cap-letter{display:inline-block}<\/style>\t\t\t\t<p class=\"font_7\" style=\"text-align: justify;\">Um mestre de cerimonia que siga todos os protocolos sem ser antip\u00e1tico. Assim \u00e9 o meu trabalho!<\/p><p class=\"font_7\" style=\"text-align: justify;\">Seja para formaturas ou para eventos corporativos, voc\u00ea ter\u00e1 um cerimonial leve, din\u00e2mico e ainda assim seguindo todos os protocolos exigidos para este tipo de evento.<\/p>\t\t\t\t\t\t<\/div>\n\t\t\t\t<\/div>\n\t\t\t\t<section class=\"elementor-section elementor-inner-section elementor-element elementor-element-d7bccbc elementor-section-boxed elementor-section-height-default elementor-section-height-default\" data-id=\"d7bccbc\" data-element_type=\"section\">\n\t\t\t\t\t\t<div class=\"elementor-container elementor-column-gap-default\">\n\t\t\t\t\t<div class=\"elementor-column elementor-col-100 elementor-inner-column elementor-element elementor-element-9116116\" data-id=\"9116116\" data-element_type=\"column\">\n\t\t\t<div class=\"elementor-widget-wrap elementor-element-populated\">\n\t\t\t\t\t\t<div class=\"elementor-element elementor-element-cb6bc81 elementor-widget elementor-widget-rsfeatureslist\" data-id=\"cb6bc81\" data-element_type=\"widget\" data-widget_type=\"rsfeatureslist.default\">\n\t\t\t\t<div class=\"elementor-widget-container\">\n\t\t\t \n\n        <div class=\"rs-features-list-content\">        \n\n                                    <ul class=\"rs-features-list\">\n                                                    <li class=\"elementor-repeater-item-0348abf\">\n                                                                    <i class=\"fa fa-check-circle\"><\/i>\n                                                                <span class=\"rs-feature-text\">Mais emo\u00e7\u00e3o \u00e0 sua cerim\u00f4nia<\/span>\n                            <\/li>\n                                                    <li class=\"elementor-repeater-item-cb9e02c\">\n                                                                    <i class=\"fa fa-check-circle\"><\/i>\n                                                                <span class=\"rs-feature-text\">Roteiro personalizado<\/span>\n                            <\/li>\n                                                    <li class=\"elementor-repeater-item-88cbb66\">\n                                                                    <i class=\"fa fa-check-circle\"><\/i>\n                                                                <span class=\"rs-feature-text\">Nada de leitura cansativa!<\/span>\n                            <\/li>\n                                                    <li class=\"elementor-repeater-item-e173c11\">\n                                                                    <i class=\"fa fa-check-circle\"><\/i>\n                                                                <span class=\"rs-feature-text\">Cerim\u00f4nia leve, emocionante e alegre!<\/span>\n                            <\/li>\n                                                    <li class=\"elementor-repeater-item-c9780ab\">\n                                                                    <i class=\"fa fa-check-circle\"><\/i>\n                                                                <span class=\"rs-feature-text\">Excelente custo x benef\u00edcio!<\/span>\n                            <\/li>\n                                            <\/ul>\n                            \n        <\/div>\n        \t\t<\/div>\n\t\t\t\t<\/div>\n\t\t\t\t\t<\/div>\n\t\t<\/div>\n\t\t\t\t\t<\/div>\n\t\t<\/section>\n\t\t\t\t<section class=\"elementor-section elementor-inner-section elementor-element elementor-element-b9ed3d1 elementor-section-boxed elementor-section-height-default elementor-section-height-default\" data-id=\"b9ed3d1\" data-element_type=\"section\">\n\t\t\t\t\t\t<div class=\"elementor-container elementor-column-gap-default\">\n\t\t\t\t\t<div class=\"elementor-column elementor-col-50 elementor-inner-column elementor-element elementor-element-7c33422\" data-id=\"7c33422\" data-element_type=\"column\">\n\t\t\t<div class=\"elementor-widget-wrap elementor-element-populated\">\n\t\t\t\t\t\t<div class=\"elementor-element elementor-element-8a276f5 elementor-widget elementor-widget-text-editor\" data-id=\"8a276f5\" data-element_type=\"widget\" data-widget_type=\"text-editor.default\">\n\t\t\t\t<div class=\"elementor-widget-container\">\n\t\t\t\t\t\t\t<iframe src=\"https:\/\/www.youtube.com\/embed\/fILEVWpoLio\" width=\"350\" height=\"200\" frameborder=\"0\" allowfullscreen=\"allowfullscreen\"><\/iframe>\t\t\t\t\t\t<\/div>\n\t\t\t\t<\/div>\n\t\t\t\t\t<\/div>\n\t\t<\/div>\n\t\t\t\t<div class=\"elementor-column elementor-col-50 elementor-inner-column elementor-element elementor-element-2a46fba\" data-id=\"2a46fba\" data-element_type=\"column\">\n\t\t\t<div class=\"elementor-widget-wrap elementor-element-populated\">\n\t\t\t\t\t\t<div class=\"elementor-element elementor-element-b5080b7 elementor-widget elementor-widget-text-editor\" data-id=\"b5080b7\" data-element_type=\"widget\" data-widget_type=\"text-editor.default\">\n\t\t\t\t<div class=\"elementor-widget-container\">\n\t\t\t\t\t\t\t<p style=\"text-align: justify;\">A cerim\u00f4nia \u00e9 conduzida por um profissional, que transmite atrav\u00e9s das palavras, toda emo\u00e7\u00e3o, sentimento e mem\u00f3ria do momento para que fique guardado na mem\u00f3ria!<\/p><p class=\"font_7\" style=\"text-align: justify;\">E o mais importante \u00e9 que cada evento deve ser tratado como um evento \u00fanico!<\/p><p class=\"font_7\" style=\"text-align: justify;\">O Resultado? Bem, tenha certeza que ser\u00e1 uma noite descontra\u00edda, com muita emo\u00e7\u00e3o e, claro, INESQUEC\u00cdVEL!<\/p>\t\t\t\t\t\t<\/div>\n\t\t\t\t<\/div>\n\t\t\t\t\t<\/div>\n\t\t<\/div>\n\t\t\t\t\t<\/div>\n\t\t<\/section>\n\t\t\t\t<div class=\"elementor-element elementor-element-0e2b167 elementor-widget elementor-widget-text-editor\" data-id=\"0e2b167\" data-element_type=\"widget\" data-widget_type=\"text-editor.default\">\n\t\t\t\t<div class=\"elementor-widget-container\">\n\t\t\t\t\t\t\t<p style=\"text-align: justify;\">O Mestre de cerim\u00f4nia de eventos corporativos basicamente segue um roteiro definido pela organiza\u00e7\u00e3o do evento, narrando acontecimentos e interagindo com a plateia, seja ela em um teatro, na empresa ou qual quer que seja o local do evento.<\/p><p style=\"text-align: justify;\">Prazer. Sou o Camilo Lelles, Mestre de cerimonias. Com desenvoltura, mais de 18 anos de experi\u00eancia na \u00e1rea de comunica\u00e7\u00e3o, destes, mais de 15 anos trabalhando em emissora de r\u00e1dio, e a mais de 13 anos no mercado publicit\u00e1rio.<\/p><p style=\"text-align: justify;\">J\u00e1 trabalhei como apresentador de v\u00eddeos, j\u00e1 fiz merchandising em TV, conduzi v\u00e1rios eventos e palestras, e j\u00e1 realizei o sonho de muitas debutantes, formandos e casais como mestre de cerimonias.<\/p><p style=\"text-align: justify;\">Minha atua\u00e7\u00e3o \u00e9 seguindo o roteiro do cerimonial, desde a recep\u00e7\u00e3o at\u00e9 a evolu\u00e7\u00e3o do evento, sempre mantendo a descri\u00e7\u00e3o, afinal, \u00e9 importante conduzir o evento, mas o centro das aten\u00e7\u00f5es \u00e9 o contratante.<\/p>\t\t\t\t\t\t<\/div>\n\t\t\t\t<\/div>\n\t\t\t\t\t<\/div>\n\t\t<\/div>\n\t\t\t\t<div class=\"elementor-column elementor-col-50 elementor-top-column elementor-element elementor-element-5b45aa7 bs-sidebar dynamic-sidebar\" data-id=\"5b45aa7\" data-element_type=\"column\">\n\t\t\t<div class=\"elementor-widget-wrap elementor-element-populated\">\n\t\t\t\t\t\t<div class=\"elementor-element elementor-element-36e2eb3 elementor-widget elementor-widget-sidebar\" data-id=\"36e2eb3\" data-element_type=\"widget\" data-widget_type=\"sidebar.default\">\n\t\t\t\t<div class=\"elementor-widget-container\">\n\t\t\t<div id=\"nav_menu-1\" class=\"service-singles widget widget_nav_menu\"><div class=\"menu-services-container\"><ul id=\"menu-services\" class=\"menu\"><li id=\"menu-item-5895\" class=\"menu-item menu-item-type-post_type menu-item-object-page menu-item-5895\"><a href=\"https:\/\/camilolelles.com.br\/site\/sua-cerimonia\/celebrante-social-casamento\/\">Celebrante Social \u2013 Casamento<\/a><\/li>\n<li id=\"menu-item-5894\" class=\"menu-item menu-item-type-post_type menu-item-object-page menu-item-5894\"><a href=\"https:\/\/camilolelles.com.br\/site\/sua-cerimonia\/mestre-de-cerimonia-15-anos-debutante\/\">Sua festa de 15 anos memor\u00e1vel<\/a><\/li>\n<li id=\"menu-item-12256\" class=\"menu-item menu-item-type-post_type menu-item-object-page menu-item-12256\"><a href=\"https:\/\/camilolelles.com.br\/site\/sua-cerimonia\/sua-formatura\/\">Sua Formatura<\/a><\/li>\n<li id=\"menu-item-5892\" class=\"menu-item menu-item-type-post_type menu-item-object-page menu-item-5892\"><a href=\"https:\/\/camilolelles.com.br\/site\/sua-cerimonia\/mestre-de-cerimonia-formatura\/\">Mestre de Cerim\u00f4nias para Formatura corporativos<\/a><\/li>\n<li id=\"menu-item-5890\" class=\"menu-item menu-item-type-post_type menu-item-object-page menu-item-5890\"><a href=\"https:\/\/camilolelles.com.br\/site\/sua-cerimonia\/locutor-apresentador\/\">Locutor\/Apresentador<\/a><\/li>\n<li id=\"menu-item-12077\" class=\"menu-item menu-item-type-post_type menu-item-object-page menu-item-12077\"><a href=\"https:\/\/camilolelles.com.br\/site\/contato-camilo-lelles-eventos\/\">Contato<\/a><\/li>\n<\/ul><\/div><\/div>\t\t<\/div>\n\t\t\t\t<\/div>\n\t\t\t\t<section class=\"elementor-section elementor-inner-section elementor-element elementor-element-1adefd8 elementor-section-boxed elementor-section-height-default elementor-section-height-default\" data-id=\"1adefd8\" data-element_type=\"section\">\n\t\t\t\t\t\t<div class=\"elementor-container elementor-column-gap-default\">\n\t\t\t\t\t<div class=\"elementor-column elementor-col-100 elementor-inner-column elementor-element elementor-element-0577f73\" data-id=\"0577f73\" data-element_type=\"column\" data-settings=\"{&quot;background_background&quot;:&quot;classic&quot;}\">\n\t\t\t<div class=\"elementor-widget-wrap elementor-element-populated\">\n\t\t\t\t\t\t<div class=\"elementor-element elementor-element-0389243 phones elementor-widget elementor-widget-rs-contact-box\" data-id=\"0389243\" data-element_type=\"widget\" data-widget_type=\"rs-contact-box.default\">\n\t\t\t\t<div class=\"elementor-widget-container\">\n\t\t\t\t\t\r\n\r\n\t\t<!-- Style 1 Start -->\r\n\t\t<div class=\"rs-contact-box\">\r\n\r\n\t\t\t\t\t\t<div class=\"address-item vertical boxstyle1\">\r\n\r\n\t\t\t\t\t\t\t            <div class=\"address-icon\">\r\n\t\t            \t\t\t            \t\t<i class=\"fa fa-phone\"><\/i>\r\n\t\t            \t\t\t            <\/div>\r\n\t\t            \r\n\t\t            <div class=\"address-text\">\r\n\t\t            \t\r\n\r\n\t\t            \t\r\n\r\n\t\t            \t\t\t            <\/div>\r\n\t\t        <\/div>\r\n\t\t\t\t\t<\/div>\r\n\r\n\t<!-- Style 1 End -->\t\r\n\t\t\r\n\t\t\t<\/div>\n\t\t\t\t<\/div>\n\t\t\t\t<div class=\"elementor-element elementor-element-b052a96 elementor-widget elementor-widget-heading\" data-id=\"b052a96\" data-element_type=\"widget\" data-widget_type=\"heading.default\">\n\t\t\t\t<div class=\"elementor-widget-container\">\n\t\t\t<h2 class=\"elementor-heading-title elementor-size-default\">Tem alguma d\u00favida?\nFale agora mesmo!<\/h2>\t\t<\/div>\n\t\t\t\t<\/div>\n\t\t\t\t<div class=\"elementor-element elementor-element-d2fefcc elementor-widget elementor-widget-heading\" data-id=\"d2fefcc\" data-element_type=\"widget\" data-widget_type=\"heading.default\">\n\t\t\t\t<div class=\"elementor-widget-container\">\n\t\t\t<h2 class=\"elementor-heading-title elementor-size-default\">(11)99214-9180\n(11)99214-6906<\/h2>\t\t<\/div>\n\t\t\t\t<\/div>\n\t\t\t\t\t<\/div>\n\t\t<\/div>\n\t\t\t\t\t<\/div>\n\t\t<\/section>\n\t\t\t\t\t<\/div>\n\t\t<\/div>\n\t\t\t\t\t<\/div>\n\t\t<\/section>\n\t\t\t\t<\/div>\n\t\t","protected":false},"excerpt":{"rendered":"<p>Mestre de cerim\u00f4nias Um mestre de cerimonia que siga todos os protocolos sem ser antip\u00e1tico. Assim \u00e9 o meu trabalho! Seja para formaturas ou para eventos corporativos, voc\u00ea ter\u00e1 um cerimonial leve, din\u00e2mico e ainda assim seguindo todos os protocolos exigidos para este tipo de evento. Mais emo\u00e7\u00e3o \u00e0 sua cerim\u00f4nia Roteiro personalizado Nada de&#8230;<\/p>\n","protected":false},"author":1,"featured_media":0,"parent":2152,"menu_order":0,"comment_status":"closed","ping_status":"closed","template":"","meta":{"_joinchat":[],"footnotes":""},"class_list":["post-5879","page","type-page","status-publish","hentry"],"aioseo_notices":[],"_links":{"self":[{"href":"https:\/\/camilolelles.com.br\/site\/wp-json\/wp\/v2\/pages\/5879","targetHints":{"allow":["GET"]}}],"collection":[{"href":"https:\/\/camilolelles.com.br\/site\/wp-json\/wp\/v2\/pages"}],"about":[{"href":"https:\/\/camilolelles.com.br\/site\/wp-json\/wp\/v2\/types\/page"}],"author":[{"embeddable":true,"href":"https:\/\/camilolelles.com.br\/site\/wp-json\/wp\/v2\/users\/1"}],"replies":[{"embeddable":true,"href":"https:\/\/camilolelles.com.br\/site\/wp-json\/wp\/v2\/comments?post=5879"}],"version-history":[{"count":12,"href":"https:\/\/camilolelles.com.br\/site\/wp-json\/wp\/v2\/pages\/5879\/revisions"}],"predecessor-version":[{"id":12102,"href":"https:\/\/camilolelles.com.br\/site\/wp-json\/wp\/v2\/pages\/5879\/revisions\/12102"}],"up":[{"embeddable":true,"href":"https:\/\/camilolelles.com.br\/site\/wp-json\/wp\/v2\/pages\/2152"}],"wp:attachment":[{"href":"https:\/\/camilolelles.com.br\/site\/wp-json\/wp\/v2\/media?parent=5879"}],"curies":[{"name":"wp","href":"https:\/\/api.w.org\/{rel}","templated":true}]}}